{"id":27,"date":"2023-11-06T10:03:29","date_gmt":"2023-11-06T09:03:29","guid":{"rendered":"https:\/\/solid-r.com\/?page_id=27"},"modified":"2025-02-10T09:19:37","modified_gmt":"2025-02-10T08:19:37","slug":"contact","status":"publish","type":"page","link":"https:\/\/solid-r.com\/index.php\/contact\/","title":{"rendered":"Contact"},"content":{"rendered":"\t\t<div data-elementor-type=\"wp-page\" data-elementor-id=\"27\" class=\"elementor elementor-27\" data-elementor-post-type=\"page\">\n\t\t\t\t<div class=\"elementor-element elementor-element-f0533ff e-flex e-con-boxed e-con e-parent\" data-id=\"f0533ff\" data-element_type=\"container\" data-e-type=\"container\">\n\t\t\t\t\t<div class=\"e-con-inner\">\n\t\t<div class=\"elementor-element elementor-element-08a0d5d e-con-full e-flex e-con e-child\" data-id=\"08a0d5d\" data-element_type=\"container\" data-e-type=\"container\">\n\t\t<div class=\"elementor-element elementor-element-c4180a7 e-flex e-con-boxed elementor-invisible e-con e-child\" data-id=\"c4180a7\" data-element_type=\"container\" data-e-type=\"container\" data-settings=\"{&quot;background_background&quot;:&quot;classic&quot;,&quot;animation&quot;:&quot;fadeInDown&quot;}\">\n\t\t\t\t\t<div class=\"e-con-inner\">\n\t\t\t\t<div class=\"elementor-element elementor-element-adb58ec elementor-widget elementor-widget-heading\" data-id=\"adb58ec\" data-element_type=\"widget\" data-e-type=\"widget\" data-widget_type=\"heading.default\">\n\t\t\t\t<div class=\"elementor-widget-container\">\n\t\t\t\t\t<h1 class=\"elementor-heading-title elementor-size-default\">Contact<\/h1>\t\t\t\t<\/div>\n\t\t\t\t<\/div>\n\t\t\t\t\t<\/div>\n\t\t\t\t<\/div>\n\t\t\t\t<\/div>\n\t\t\t\t\t<\/div>\n\t\t\t\t<\/div>\n\t\t<div class=\"elementor-element elementor-element-9ea74b5 e-flex e-con-boxed e-con e-parent\" data-id=\"9ea74b5\" data-element_type=\"container\" data-e-type=\"container\" data-settings=\"{&quot;background_background&quot;:&quot;gradient&quot;}\">\n\t\t\t\t\t<div class=\"e-con-inner\">\n\t\t<div class=\"elementor-element elementor-element-8b0ec47 e-con-full e-flex e-con e-child\" data-id=\"8b0ec47\" data-element_type=\"container\" data-e-type=\"container\">\n\t\t\t\t<div class=\"elementor-element elementor-element-1af6665 elementor-widget elementor-widget-heading\" data-id=\"1af6665\" data-element_type=\"widget\" data-e-type=\"widget\" data-widget_type=\"heading.default\">\n\t\t\t\t<div class=\"elementor-widget-container\">\n\t\t\t\t\t<h2 class=\"elementor-heading-title elementor-size-default\">Trouvez un installateur pr\u00e8s de chez vous<\/h2>\t\t\t\t<\/div>\n\t\t\t\t<\/div>\n\t\t\t\t<div class=\"elementor-element elementor-element-0451bfd elementor-widget elementor-widget-text-editor\" data-id=\"0451bfd\" data-element_type=\"widget\" data-e-type=\"widget\" data-widget_type=\"text-editor.default\">\n\t\t\t\t<div class=\"elementor-widget-container\">\n\t\t\t\t\t\t\t\t\t<p><img decoding=\"async\" src=\"https:\/\/solid-r.com\/wp-content\/uploads\/2023\/03\/ponit_bleu.jpg\" alt=\"\" width=\"16\" height=\"16\" \/> <strong>P\u00f4les Techniques :<\/strong> <br \/>D\u00f4le, Migennes, Chalon-sur-Sa\u00f4ne, Nevers, Chaumont, Besan\u00e7on, Belfort, Vesoul, Bar Leduc, Ch\u00e2lons-en-Champagne, Epinal, Strasbourg, Troyes, Orl\u00e9ans, P\u00e9rigueux, Agen, Dax, Bayonne, Royan, Angoul\u00eame, Auch, Montauban, Albi, Beauvais, Grenoble.<\/p><p><img decoding=\"async\" src=\"https:\/\/solid-r.com\/wp-content\/uploads\/2023\/03\/ponit_rouge.jpg\" alt=\"\" width=\"16\" height=\"16\" \/> <strong>Agences :<\/strong> <br \/>Nancy, Pessac, Lutterbach, Mouroux, Jouy aux Arches, Grenade, Marsannay-la-C\u00f4te, Lyon<\/p>\t\t\t\t\t\t\t\t<\/div>\n\t\t\t\t<\/div>\n\t\t\t\t<\/div>\n\t\t<div class=\"elementor-element elementor-element-7beca0d e-con-full e-flex e-con e-child\" data-id=\"7beca0d\" data-element_type=\"container\" data-e-type=\"container\">\n\t\t\t\t<div class=\"elementor-element elementor-element-cbfe6e7 elementor-widget elementor-widget-html\" data-id=\"cbfe6e7\" data-element_type=\"widget\" data-e-type=\"widget\" data-widget_type=\"html.default\">\n\t\t\t\t<div class=\"elementor-widget-container\">\n\t\t\t\t\t<iframe src=\"https:\/\/www.google.com\/maps\/d\/embed?mid=1V0nu0N7ZB9DnHVWIjfw34QodIxtoUxE&ehbc=2E312F&noprof=1\" width=\"640\" height=\"480\"><\/iframe>\t\t\t\t<\/div>\n\t\t\t\t<\/div>\n\t\t\t\t<\/div>\n\t\t\t\t\t<\/div>\n\t\t\t\t<\/div>\n\t\t<div class=\"elementor-element elementor-element-ac37658 e-con-full e-flex e-con e-parent\" data-id=\"ac37658\" data-element_type=\"container\" data-e-type=\"container\" data-settings=\"{&quot;background_background&quot;:&quot;classic&quot;}\">\n\t\t\t\t<div class=\"elementor-element elementor-element-1a0987c elementor-button-align-center elementor-widget elementor-widget-form\" data-id=\"1a0987c\" data-element_type=\"widget\" data-e-type=\"widget\" data-settings=\"{&quot;step_next_label&quot;:&quot;Suivant&quot;,&quot;step_previous_label&quot;:&quot;Pr\\u00e9c\\u00e9dent&quot;,&quot;step_type&quot;:&quot;number_text&quot;,&quot;step_icon_shape&quot;:&quot;circle&quot;}\" data-widget_type=\"form.default\">\n\t\t\t\t<div class=\"elementor-widget-container\">\n\t\t\t\t\t\t\t<form class=\"elementor-form\" method=\"post\" name=\"Formulaire de contact\" aria-label=\"Formulaire de contact\">\n\t\t\t<input type=\"hidden\" name=\"post_id\" value=\"27\"\/>\n\t\t\t<input type=\"hidden\" name=\"form_id\" value=\"1a0987c\"\/>\n\t\t\t<input type=\"hidden\" name=\"referer_title\" value=\"Solid-R\" \/>\n\n\t\t\t\n\t\t\t<div class=\"elementor-form-fields-wrapper elementor-labels-above\">\n\t\t\t\t\t\t\t\t<div class=\"elementor-field-type-text elementor-field-group elementor-column elementor-field-group-name elementor-col-50 elementor-field-required elementor-mark-required\">\n\t\t\t\t\t\t\t\t\t\t\t\t<label for=\"form-field-name\" class=\"elementor-field-label\">\n\t\t\t\t\t\t\t\tNom\t\t\t\t\t\t\t<\/label>\n\t\t\t\t\t\t\t\t\t\t\t\t\t\t<input size=\"1\" type=\"text\" name=\"form_fields[name]\" id=\"form-field-name\" class=\"elementor-field elementor-size-sm  elementor-field-textual\" required=\"required\">\n\t\t\t\t\t\t\t\t\t\t\t<\/div>\n\t\t\t\t\t\t\t\t<div class=\"elementor-field-type-text elementor-field-group elementor-column elementor-field-group-field_3b09d9d elementor-col-50 elementor-field-required elementor-mark-required\">\n\t\t\t\t\t\t\t\t\t\t\t\t<label for=\"form-field-field_3b09d9d\" class=\"elementor-field-label\">\n\t\t\t\t\t\t\t\tPr\u00e9nom\t\t\t\t\t\t\t<\/label>\n\t\t\t\t\t\t\t\t\t\t\t\t\t\t<input size=\"1\" type=\"text\" name=\"form_fields[field_3b09d9d]\" id=\"form-field-field_3b09d9d\" class=\"elementor-field elementor-size-sm  elementor-field-textual\" required=\"required\">\n\t\t\t\t\t\t\t\t\t\t\t<\/div>\n\t\t\t\t\t\t\t\t<div class=\"elementor-field-type-email elementor-field-group elementor-column elementor-field-group-email elementor-col-50 elementor-field-required elementor-mark-required\">\n\t\t\t\t\t\t\t\t\t\t\t\t<label for=\"form-field-email\" class=\"elementor-field-label\">\n\t\t\t\t\t\t\t\tE-mail\t\t\t\t\t\t\t<\/label>\n\t\t\t\t\t\t\t\t\t\t\t\t\t\t<input size=\"1\" type=\"email\" name=\"form_fields[email]\" id=\"form-field-email\" class=\"elementor-field elementor-size-sm  elementor-field-textual\" required=\"required\">\n\t\t\t\t\t\t\t\t\t\t\t<\/div>\n\t\t\t\t\t\t\t\t<div class=\"elementor-field-type-text elementor-field-group elementor-column elementor-field-group-field_b0f69d7 elementor-col-50\">\n\t\t\t\t\t\t\t\t\t\t\t\t<label for=\"form-field-field_b0f69d7\" class=\"elementor-field-label\">\n\t\t\t\t\t\t\t\tT\u00e9l\u00e9phone\t\t\t\t\t\t\t<\/label>\n\t\t\t\t\t\t\t\t\t\t\t\t\t\t<input size=\"1\" type=\"text\" name=\"form_fields[field_b0f69d7]\" id=\"form-field-field_b0f69d7\" class=\"elementor-field elementor-size-sm  elementor-field-textual\">\n\t\t\t\t\t\t\t\t\t\t\t<\/div>\n\t\t\t\t\t\t\t\t<div class=\"elementor-field-type-select elementor-field-group elementor-column elementor-field-group-field_45bbcde elementor-col-100 elementor-field-required elementor-mark-required\">\n\t\t\t\t\t\t\t\t\t\t\t\t<label for=\"form-field-field_45bbcde\" class=\"elementor-field-label\">\n\t\t\t\t\t\t\t\tVous \u00eates\t\t\t\t\t\t\t<\/label>\n\t\t\t\t\t\t\t\t<div class=\"elementor-field elementor-select-wrapper remove-before \">\n\t\t\t<div class=\"select-caret-down-wrapper\">\n\t\t\t\t<svg aria-hidden=\"true\" class=\"e-font-icon-svg e-eicon-caret-down\" viewBox=\"0 0 571.4 571.4\" xmlns=\"http:\/\/www.w3.org\/2000\/svg\"><path d=\"M571 393Q571 407 561 418L311 668Q300 679 286 679T261 668L11 418Q0 407 0 393T11 368 36 357H536Q550 357 561 368T571 393Z\"><\/path><\/svg>\t\t\t<\/div>\n\t\t\t<select name=\"form_fields[field_45bbcde]\" id=\"form-field-field_45bbcde\" class=\"elementor-field-textual elementor-size-sm\" required=\"required\">\n\t\t\t\t\t\t\t\t\t<option value=\"Locataire\">Locataire<\/option>\n\t\t\t\t\t\t\t\t\t<option value=\"Propri\u00e9taire\">Propri\u00e9taire<\/option>\n\t\t\t\t\t\t\t<\/select>\n\t\t<\/div>\n\t\t\t\t\t\t<\/div>\n\t\t\t\t\t\t\t\t<div class=\"elementor-field-type-textarea elementor-field-group elementor-column elementor-field-group-message elementor-col-100\">\n\t\t\t\t\t\t\t\t\t\t\t\t<label for=\"form-field-message\" class=\"elementor-field-label\">\n\t\t\t\t\t\t\t\tMessage\t\t\t\t\t\t\t<\/label>\n\t\t\t\t\t\t<textarea class=\"elementor-field-textual elementor-field  elementor-size-sm\" name=\"form_fields[message]\" id=\"form-field-message\" rows=\"4\"><\/textarea>\t\t\t\t<\/div>\n\t\t\t\t\t\t\t\t<div class=\"elementor-field-type-recaptcha_v3 elementor-field-group elementor-column elementor-field-group-field_2935bab elementor-col-100 recaptcha_v3-inline\">\n\t\t\t\t\t<div class=\"elementor-field\" id=\"form-field-field_2935bab\"><div class=\"elementor-g-recaptcha\" data-sitekey=\"6LfHeHopAAAAANGm-OdhKOo6WENsLeospViSueXk\" data-type=\"v3\" data-action=\"Form\" data-badge=\"inline\" data-size=\"invisible\"><\/div><\/div>\t\t\t\t<\/div>\n\t\t\t\t\t\t\t\t<div class=\"elementor-field-type-acceptance elementor-field-group elementor-column elementor-field-group-field_b8fc327 elementor-col-100 elementor-field-required elementor-mark-required\">\n\t\t\t\t\t\t\t<div class=\"elementor-field-subgroup\">\n\t\t\t<span class=\"elementor-field-option\">\n\t\t\t\t<input type=\"checkbox\" name=\"form_fields[field_b8fc327]\" id=\"form-field-field_b8fc327\" class=\"elementor-field elementor-size-sm  elementor-acceptance-field\" required=\"required\">\n\t\t\t\t<label for=\"form-field-field_b8fc327\">En cochant cette case, je certifie avoir pris connaissance et accepter les conditions applicables aux traitements de mes donn\u00e9es personnelles et j'accepte d'\u00eatre contact\u00e9 par email.<\/label>\t\t\t<\/span>\n\t\t<\/div>\n\t\t\t\t\t\t<\/div>\n\t\t\t\t\t\t\t\t<div class=\"elementor-field-group elementor-column elementor-field-type-submit elementor-col-100 e-form__buttons\">\n\t\t\t\t\t<button class=\"elementor-button elementor-size-sm\" type=\"submit\">\n\t\t\t\t\t\t<span class=\"elementor-button-content-wrapper\">\n\t\t\t\t\t\t\t\t\t\t\t\t\t\t\t\t\t\t\t\t\t\t<span class=\"elementor-button-text\">Envoyer<\/span>\n\t\t\t\t\t\t\t\t\t\t\t\t\t<\/span>\n\t\t\t\t\t<\/button>\n\t\t\t\t<\/div>\n\t\t\t<\/div>\n\t\t<\/form>\n\t\t\t\t\t\t<\/div>\n\t\t\t\t<\/div>\n\t\t\t\t<\/div>\n\t\t\t\t<\/div>\n\t\t","protected":false},"excerpt":{"rendered":"<p>Contact Trouvez un installateur pr\u00e8s de chez vous P\u00f4les Techniques : D\u00f4le, Migennes, Chalon-sur-Sa\u00f4ne, Nevers, Chaumont, Besan\u00e7on, Belfort, Vesoul, Bar Leduc, Ch\u00e2lons-en-Champagne, Epinal, Strasbourg, Troyes, Orl\u00e9ans, P\u00e9rigueux, Agen, Dax, Bayonne, Royan, Angoul\u00eame, Auch, Montauban, Albi, Beauvais, Grenoble. Agences : Nancy, Pessac, Lutterbach, Mouroux, Jouy aux Arches, Grenade, Marsannay-la-C\u00f4te, Lyon<\/p>\n","protected":false},"author":1,"featured_media":0,"parent":0,"menu_order":0,"comment_status":"closed","ping_status":"closed","template":"","meta":{"footnotes":""},"class_list":["post-27","page","type-page","status-publish","hentry"],"yoast_head":"<!-- This site is optimized with the Yoast SEO plugin v27.1.1 - https:\/\/yoast.com\/product\/yoast-seo-wordpress\/ -->\n<title>Contact - Solid-R<\/title>\n<meta name=\"robots\" content=\"index, follow, max-snippet:-1, max-image-preview:large, max-video-preview:-1\" \/>\n<link rel=\"canonical\" href=\"https:\/\/solid-r.com\/index.php\/contact\/\" \/>\n<meta property=\"og:locale\" content=\"fr_FR\" \/>\n<meta property=\"og:type\" content=\"article\" \/>\n<meta property=\"og:title\" content=\"Contact - Solid-R\" \/>\n<meta property=\"og:description\" content=\"Contact Trouvez un installateur pr\u00e8s de chez vous P\u00f4les Techniques : D\u00f4le, Migennes, Chalon-sur-Sa\u00f4ne, Nevers, Chaumont, Besan\u00e7on, Belfort, Vesoul, Bar Leduc, Ch\u00e2lons-en-Champagne, Epinal, Strasbourg, Troyes, Orl\u00e9ans, P\u00e9rigueux, Agen, Dax, Bayonne, Royan, Angoul\u00eame, Auch, Montauban, Albi, Beauvais, Grenoble. Agences : Nancy, Pessac, Lutterbach, Mouroux, Jouy aux Arches, Grenade, Marsannay-la-C\u00f4te, Lyon\" \/>\n<meta property=\"og:url\" content=\"https:\/\/solid-r.com\/index.php\/contact\/\" \/>\n<meta property=\"og:site_name\" content=\"Solid-R\" \/>\n<meta property=\"article:publisher\" content=\"https:\/\/www.facebook.com\/profile.php?id=61557164409549\" \/>\n<meta property=\"article:modified_time\" content=\"2025-02-10T08:19:37+00:00\" \/>\n<meta property=\"og:image\" content=\"https:\/\/solid-r.com\/wp-content\/uploads\/2023\/03\/ponit_bleu.jpg\" \/>\n<meta name=\"twitter:card\" content=\"summary_large_image\" \/>\n<meta name=\"twitter:label1\" content=\"Dur\u00e9e de lecture estim\u00e9e\" \/>\n\t<meta name=\"twitter:data1\" content=\"1 minute\" \/>\n<script type=\"application\/ld+json\" class=\"yoast-schema-graph\">{\"@context\":\"https:\/\/schema.org\",\"@graph\":[{\"@type\":\"WebPage\",\"@id\":\"https:\/\/solid-r.com\/index.php\/contact\/\",\"url\":\"https:\/\/solid-r.com\/index.php\/contact\/\",\"name\":\"Contact - Solid-R\",\"isPartOf\":{\"@id\":\"https:\/\/solid-r.com\/#website\"},\"primaryImageOfPage\":{\"@id\":\"https:\/\/solid-r.com\/index.php\/contact\/#primaryimage\"},\"image\":{\"@id\":\"https:\/\/solid-r.com\/index.php\/contact\/#primaryimage\"},\"thumbnailUrl\":\"https:\/\/solid-r.com\/wp-content\/uploads\/2023\/03\/ponit_bleu.jpg\",\"datePublished\":\"2023-11-06T09:03:29+00:00\",\"dateModified\":\"2025-02-10T08:19:37+00:00\",\"breadcrumb\":{\"@id\":\"https:\/\/solid-r.com\/index.php\/contact\/#breadcrumb\"},\"inLanguage\":\"fr-FR\",\"potentialAction\":[{\"@type\":\"ReadAction\",\"target\":[\"https:\/\/solid-r.com\/index.php\/contact\/\"]}]},{\"@type\":\"ImageObject\",\"inLanguage\":\"fr-FR\",\"@id\":\"https:\/\/solid-r.com\/index.php\/contact\/#primaryimage\",\"url\":\"https:\/\/solid-r.com\/wp-content\/uploads\/2023\/03\/ponit_bleu.jpg\",\"contentUrl\":\"https:\/\/solid-r.com\/wp-content\/uploads\/2023\/03\/ponit_bleu.jpg\"},{\"@type\":\"BreadcrumbList\",\"@id\":\"https:\/\/solid-r.com\/index.php\/contact\/#breadcrumb\",\"itemListElement\":[{\"@type\":\"ListItem\",\"position\":1,\"name\":\"Accueil\",\"item\":\"https:\/\/solid-r.com\/\"},{\"@type\":\"ListItem\",\"position\":2,\"name\":\"Contact\"}]},{\"@type\":\"WebSite\",\"@id\":\"https:\/\/solid-r.com\/#website\",\"url\":\"https:\/\/solid-r.com\/\",\"name\":\"Solid-R\",\"description\":\"R\u00e9novation \u00e9nerg\u00e9tique \u00e9quitable\",\"publisher\":{\"@id\":\"https:\/\/solid-r.com\/#organization\"},\"potentialAction\":[{\"@type\":\"SearchAction\",\"target\":{\"@type\":\"EntryPoint\",\"urlTemplate\":\"https:\/\/solid-r.com\/?s={search_term_string}\"},\"query-input\":{\"@type\":\"PropertyValueSpecification\",\"valueRequired\":true,\"valueName\":\"search_term_string\"}}],\"inLanguage\":\"fr-FR\"},{\"@type\":\"Organization\",\"@id\":\"https:\/\/solid-r.com\/#organization\",\"name\":\"SOLID'R\",\"alternateName\":\"SOLID R\",\"url\":\"https:\/\/solid-r.com\/\",\"logo\":{\"@type\":\"ImageObject\",\"inLanguage\":\"fr-FR\",\"@id\":\"https:\/\/solid-r.com\/#\/schema\/logo\/image\/\",\"url\":\"https:\/\/solid-r.com\/wp-content\/uploads\/2023\/11\/cropped-logo_solidR-scaled-1.jpg\",\"contentUrl\":\"https:\/\/solid-r.com\/wp-content\/uploads\/2023\/11\/cropped-logo_solidR-scaled-1.jpg\",\"width\":2560,\"height\":922,\"caption\":\"SOLID'R\"},\"image\":{\"@id\":\"https:\/\/solid-r.com\/#\/schema\/logo\/image\/\"},\"sameAs\":[\"https:\/\/www.facebook.com\/profile.php?id=61557164409549\",\"https:\/\/www.instagram.com\/solidr54\/\"]}]}<\/script>\n<!-- \/ Yoast SEO plugin. -->","yoast_head_json":{"title":"Contact - Solid-R","robots":{"index":"index","follow":"follow","max-snippet":"max-snippet:-1","max-image-preview":"max-image-preview:large","max-video-preview":"max-video-preview:-1"},"canonical":"https:\/\/solid-r.com\/index.php\/contact\/","og_locale":"fr_FR","og_type":"article","og_title":"Contact - Solid-R","og_description":"Contact Trouvez un installateur pr\u00e8s de chez vous P\u00f4les Techniques : D\u00f4le, Migennes, Chalon-sur-Sa\u00f4ne, Nevers, Chaumont, Besan\u00e7on, Belfort, Vesoul, Bar Leduc, Ch\u00e2lons-en-Champagne, Epinal, Strasbourg, Troyes, Orl\u00e9ans, P\u00e9rigueux, Agen, Dax, Bayonne, Royan, Angoul\u00eame, Auch, Montauban, Albi, Beauvais, Grenoble. Agences : Nancy, Pessac, Lutterbach, Mouroux, Jouy aux Arches, Grenade, Marsannay-la-C\u00f4te, Lyon","og_url":"https:\/\/solid-r.com\/index.php\/contact\/","og_site_name":"Solid-R","article_publisher":"https:\/\/www.facebook.com\/profile.php?id=61557164409549","article_modified_time":"2025-02-10T08:19:37+00:00","og_image":[{"url":"https:\/\/solid-r.com\/wp-content\/uploads\/2023\/03\/ponit_bleu.jpg","type":"","width":"","height":""}],"twitter_card":"summary_large_image","twitter_misc":{"Dur\u00e9e de lecture estim\u00e9e":"1 minute"},"schema":{"@context":"https:\/\/schema.org","@graph":[{"@type":"WebPage","@id":"https:\/\/solid-r.com\/index.php\/contact\/","url":"https:\/\/solid-r.com\/index.php\/contact\/","name":"Contact - Solid-R","isPartOf":{"@id":"https:\/\/solid-r.com\/#website"},"primaryImageOfPage":{"@id":"https:\/\/solid-r.com\/index.php\/contact\/#primaryimage"},"image":{"@id":"https:\/\/solid-r.com\/index.php\/contact\/#primaryimage"},"thumbnailUrl":"https:\/\/solid-r.com\/wp-content\/uploads\/2023\/03\/ponit_bleu.jpg","datePublished":"2023-11-06T09:03:29+00:00","dateModified":"2025-02-10T08:19:37+00:00","breadcrumb":{"@id":"https:\/\/solid-r.com\/index.php\/contact\/#breadcrumb"},"inLanguage":"fr-FR","potentialAction":[{"@type":"ReadAction","target":["https:\/\/solid-r.com\/index.php\/contact\/"]}]},{"@type":"ImageObject","inLanguage":"fr-FR","@id":"https:\/\/solid-r.com\/index.php\/contact\/#primaryimage","url":"https:\/\/solid-r.com\/wp-content\/uploads\/2023\/03\/ponit_bleu.jpg","contentUrl":"https:\/\/solid-r.com\/wp-content\/uploads\/2023\/03\/ponit_bleu.jpg"},{"@type":"BreadcrumbList","@id":"https:\/\/solid-r.com\/index.php\/contact\/#breadcrumb","itemListElement":[{"@type":"ListItem","position":1,"name":"Accueil","item":"https:\/\/solid-r.com\/"},{"@type":"ListItem","position":2,"name":"Contact"}]},{"@type":"WebSite","@id":"https:\/\/solid-r.com\/#website","url":"https:\/\/solid-r.com\/","name":"Solid-R","description":"R\u00e9novation \u00e9nerg\u00e9tique \u00e9quitable","publisher":{"@id":"https:\/\/solid-r.com\/#organization"},"potentialAction":[{"@type":"SearchAction","target":{"@type":"EntryPoint","urlTemplate":"https:\/\/solid-r.com\/?s={search_term_string}"},"query-input":{"@type":"PropertyValueSpecification","valueRequired":true,"valueName":"search_term_string"}}],"inLanguage":"fr-FR"},{"@type":"Organization","@id":"https:\/\/solid-r.com\/#organization","name":"SOLID'R","alternateName":"SOLID R","url":"https:\/\/solid-r.com\/","logo":{"@type":"ImageObject","inLanguage":"fr-FR","@id":"https:\/\/solid-r.com\/#\/schema\/logo\/image\/","url":"https:\/\/solid-r.com\/wp-content\/uploads\/2023\/11\/cropped-logo_solidR-scaled-1.jpg","contentUrl":"https:\/\/solid-r.com\/wp-content\/uploads\/2023\/11\/cropped-logo_solidR-scaled-1.jpg","width":2560,"height":922,"caption":"SOLID'R"},"image":{"@id":"https:\/\/solid-r.com\/#\/schema\/logo\/image\/"},"sameAs":["https:\/\/www.facebook.com\/profile.php?id=61557164409549","https:\/\/www.instagram.com\/solidr54\/"]}]}},"_links":{"self":[{"href":"https:\/\/solid-r.com\/index.php\/wp-json\/wp\/v2\/pages\/27","targetHints":{"allow":["GET"]}}],"collection":[{"href":"https:\/\/solid-r.com\/index.php\/wp-json\/wp\/v2\/pages"}],"about":[{"href":"https:\/\/solid-r.com\/index.php\/wp-json\/wp\/v2\/types\/page"}],"author":[{"embeddable":true,"href":"https:\/\/solid-r.com\/index.php\/wp-json\/wp\/v2\/users\/1"}],"replies":[{"embeddable":true,"href":"https:\/\/solid-r.com\/index.php\/wp-json\/wp\/v2\/comments?post=27"}],"version-history":[{"count":52,"href":"https:\/\/solid-r.com\/index.php\/wp-json\/wp\/v2\/pages\/27\/revisions"}],"predecessor-version":[{"id":1892,"href":"https:\/\/solid-r.com\/index.php\/wp-json\/wp\/v2\/pages\/27\/revisions\/1892"}],"wp:attachment":[{"href":"https:\/\/solid-r.com\/index.php\/wp-json\/wp\/v2\/media?parent=27"}],"curies":[{"name":"wp","href":"https:\/\/api.w.org\/{rel}","templated":true}]}}