{"id":1761,"date":"2024-03-26T15:29:26","date_gmt":"2024-03-26T14:29:26","guid":{"rendered":"https:\/\/solid-r.com\/?page_id=1761"},"modified":"2024-03-26T15:29:26","modified_gmt":"2024-03-26T14:29:26","slug":"solidr-la-renovation-equitable-merci","status":"publish","type":"page","link":"https:\/\/solid-r.com\/index.php\/solidr-la-renovation-equitable-merci\/","title":{"rendered":"Solid&rsquo;R la r\u00e9novation \u00e9quitable &#8211; Merci"},"content":{"rendered":"\t\t<div data-elementor-type=\"wp-page\" data-elementor-id=\"1761\" class=\"elementor elementor-1761\" data-elementor-post-type=\"page\">\n\t\t\t\t<div class=\"elementor-element elementor-element-3702fab e-flex e-con-boxed e-con e-parent\" data-id=\"3702fab\" data-element_type=\"container\" data-e-type=\"container\">\n\t\t\t\t\t<div class=\"e-con-inner\">\n\t\t<div class=\"elementor-element elementor-element-71d4d21 e-con-full e-flex e-con e-child\" data-id=\"71d4d21\" data-element_type=\"container\" data-e-type=\"container\">\n\t\t\t\t<div class=\"elementor-element elementor-element-f1b99ed elementor-widget elementor-widget-image\" data-id=\"f1b99ed\" data-element_type=\"widget\" data-e-type=\"widget\" data-widget_type=\"image.default\">\n\t\t\t\t<div class=\"elementor-widget-container\">\n\t\t\t\t\t\t\t\t\t\t\t\t\t\t\t<img fetchpriority=\"high\" decoding=\"async\" width=\"800\" height=\"800\" src=\"https:\/\/solid-r.com\/wp-content\/uploads\/2024\/03\/roofer.gif\" class=\"attachment-full size-full wp-image-1721\" alt=\"\" \/>\t\t\t\t\t\t\t\t\t\t\t\t\t\t\t<\/div>\n\t\t\t\t<\/div>\n\t\t\t\t<\/div>\n\t\t<div class=\"elementor-element elementor-element-3910bef e-con-full e-flex e-con e-child\" data-id=\"3910bef\" data-element_type=\"container\" data-e-type=\"container\">\n\t\t\t\t<div class=\"elementor-element elementor-element-88eadf3 elementor-widget elementor-widget-heading\" data-id=\"88eadf3\" data-element_type=\"widget\" data-e-type=\"widget\" data-widget_type=\"heading.default\">\n\t\t\t\t<div class=\"elementor-widget-container\">\n\t\t\t\t\t<h2 class=\"elementor-heading-title elementor-size-default\">Merci !<\/h2>\t\t\t\t<\/div>\n\t\t\t\t<\/div>\n\t\t\t\t<div class=\"elementor-element elementor-element-3b16f3b elementor-widget elementor-widget-text-editor\" data-id=\"3b16f3b\" data-element_type=\"widget\" data-e-type=\"widget\" data-widget_type=\"text-editor.default\">\n\t\t\t\t<div class=\"elementor-widget-container\">\n\t\t\t\t\t\t\t\t\t<p>Nous vous remercions d&rsquo;avoir rempli le formulaire d&rsquo;\u00e9ligibilit\u00e9.\u00a0<br \/><br \/>Nous vous enverrons les r\u00e9sultats rapidement !<\/p>\t\t\t\t\t\t\t\t<\/div>\n\t\t\t\t<\/div>\n\t\t\t\t<\/div>\n\t\t\t\t\t<\/div>\n\t\t\t\t<\/div>\n\t\t\t\t<\/div>\n\t\t","protected":false},"excerpt":{"rendered":"<p>Merci ! Nous vous remercions d&rsquo;avoir rempli le formulaire d&rsquo;\u00e9ligibilit\u00e9. Nous vous enverrons les r\u00e9sultats rapidement !<\/p>\n","protected":false},"author":1,"featured_media":0,"parent":0,"menu_order":0,"comment_status":"closed","ping_status":"closed","template":"","meta":{"footnotes":""},"class_list":["post-1761","page","type-page","status-publish","hentry"],"yoast_head":"<!-- This site is optimized with the Yoast SEO plugin v27.1.1 - https:\/\/yoast.com\/product\/yoast-seo-wordpress\/ -->\n<title>Solid&#039;R la r\u00e9novation \u00e9quitable - Merci<\/title>\n<meta name=\"robots\" content=\"index, follow, max-snippet:-1, max-image-preview:large, max-video-preview:-1\" \/>\n<link rel=\"canonical\" href=\"https:\/\/solid-r.com\/index.php\/solidr-la-renovation-equitable-merci\/\" \/>\n<meta property=\"og:locale\" content=\"fr_FR\" \/>\n<meta property=\"og:type\" content=\"article\" \/>\n<meta property=\"og:title\" content=\"Solid&#039;R la r\u00e9novation \u00e9quitable - Merci\" \/>\n<meta property=\"og:description\" content=\"Merci ! Nous vous remercions d&rsquo;avoir rempli le formulaire d&rsquo;\u00e9ligibilit\u00e9. Nous vous enverrons les r\u00e9sultats rapidement !\" \/>\n<meta property=\"og:url\" content=\"https:\/\/solid-r.com\/index.php\/solidr-la-renovation-equitable-merci\/\" \/>\n<meta property=\"og:site_name\" content=\"Solid-R\" \/>\n<meta property=\"article:publisher\" content=\"https:\/\/www.facebook.com\/profile.php?id=61557164409549\" \/>\n<meta property=\"og:image\" content=\"https:\/\/solid-r.com\/wp-content\/uploads\/2024\/03\/roofer.gif\" \/>\n<meta name=\"twitter:card\" content=\"summary_large_image\" \/>\n<meta name=\"twitter:label1\" content=\"Dur\u00e9e de lecture estim\u00e9e\" \/>\n\t<meta name=\"twitter:data1\" content=\"1 minute\" \/>\n<script type=\"application\/ld+json\" class=\"yoast-schema-graph\">{\"@context\":\"https:\/\/schema.org\",\"@graph\":[{\"@type\":\"WebPage\",\"@id\":\"https:\/\/solid-r.com\/index.php\/solidr-la-renovation-equitable-merci\/\",\"url\":\"https:\/\/solid-r.com\/index.php\/solidr-la-renovation-equitable-merci\/\",\"name\":\"Solid'R la r\u00e9novation \u00e9quitable - Merci\",\"isPartOf\":{\"@id\":\"https:\/\/solid-r.com\/#website\"},\"primaryImageOfPage\":{\"@id\":\"https:\/\/solid-r.com\/index.php\/solidr-la-renovation-equitable-merci\/#primaryimage\"},\"image\":{\"@id\":\"https:\/\/solid-r.com\/index.php\/solidr-la-renovation-equitable-merci\/#primaryimage\"},\"thumbnailUrl\":\"https:\/\/solid-r.com\/wp-content\/uploads\/2024\/03\/roofer.gif\",\"datePublished\":\"2024-03-26T14:29:26+00:00\",\"breadcrumb\":{\"@id\":\"https:\/\/solid-r.com\/index.php\/solidr-la-renovation-equitable-merci\/#breadcrumb\"},\"inLanguage\":\"fr-FR\",\"potentialAction\":[{\"@type\":\"ReadAction\",\"target\":[\"https:\/\/solid-r.com\/index.php\/solidr-la-renovation-equitable-merci\/\"]}]},{\"@type\":\"ImageObject\",\"inLanguage\":\"fr-FR\",\"@id\":\"https:\/\/solid-r.com\/index.php\/solidr-la-renovation-equitable-merci\/#primaryimage\",\"url\":\"https:\/\/solid-r.com\/wp-content\/uploads\/2024\/03\/roofer.gif\",\"contentUrl\":\"https:\/\/solid-r.com\/wp-content\/uploads\/2024\/03\/roofer.gif\",\"width\":800,\"height\":800},{\"@type\":\"BreadcrumbList\",\"@id\":\"https:\/\/solid-r.com\/index.php\/solidr-la-renovation-equitable-merci\/#breadcrumb\",\"itemListElement\":[{\"@type\":\"ListItem\",\"position\":1,\"name\":\"Accueil\",\"item\":\"https:\/\/solid-r.com\/\"},{\"@type\":\"ListItem\",\"position\":2,\"name\":\"Solid&rsquo;R la r\u00e9novation \u00e9quitable &#8211; Merci\"}]},{\"@type\":\"WebSite\",\"@id\":\"https:\/\/solid-r.com\/#website\",\"url\":\"https:\/\/solid-r.com\/\",\"name\":\"Solid-R\",\"description\":\"R\u00e9novation \u00e9nerg\u00e9tique \u00e9quitable\",\"publisher\":{\"@id\":\"https:\/\/solid-r.com\/#organization\"},\"potentialAction\":[{\"@type\":\"SearchAction\",\"target\":{\"@type\":\"EntryPoint\",\"urlTemplate\":\"https:\/\/solid-r.com\/?s={search_term_string}\"},\"query-input\":{\"@type\":\"PropertyValueSpecification\",\"valueRequired\":true,\"valueName\":\"search_term_string\"}}],\"inLanguage\":\"fr-FR\"},{\"@type\":\"Organization\",\"@id\":\"https:\/\/solid-r.com\/#organization\",\"name\":\"SOLID'R\",\"alternateName\":\"SOLID R\",\"url\":\"https:\/\/solid-r.com\/\",\"logo\":{\"@type\":\"ImageObject\",\"inLanguage\":\"fr-FR\",\"@id\":\"https:\/\/solid-r.com\/#\/schema\/logo\/image\/\",\"url\":\"https:\/\/solid-r.com\/wp-content\/uploads\/2023\/11\/cropped-logo_solidR-scaled-1.jpg\",\"contentUrl\":\"https:\/\/solid-r.com\/wp-content\/uploads\/2023\/11\/cropped-logo_solidR-scaled-1.jpg\",\"width\":2560,\"height\":922,\"caption\":\"SOLID'R\"},\"image\":{\"@id\":\"https:\/\/solid-r.com\/#\/schema\/logo\/image\/\"},\"sameAs\":[\"https:\/\/www.facebook.com\/profile.php?id=61557164409549\",\"https:\/\/www.instagram.com\/solidr54\/\"]}]}<\/script>\n<!-- \/ Yoast SEO plugin. -->","yoast_head_json":{"title":"Solid'R la r\u00e9novation \u00e9quitable - Merci","robots":{"index":"index","follow":"follow","max-snippet":"max-snippet:-1","max-image-preview":"max-image-preview:large","max-video-preview":"max-video-preview:-1"},"canonical":"https:\/\/solid-r.com\/index.php\/solidr-la-renovation-equitable-merci\/","og_locale":"fr_FR","og_type":"article","og_title":"Solid'R la r\u00e9novation \u00e9quitable - Merci","og_description":"Merci ! Nous vous remercions d&rsquo;avoir rempli le formulaire d&rsquo;\u00e9ligibilit\u00e9. Nous vous enverrons les r\u00e9sultats rapidement !","og_url":"https:\/\/solid-r.com\/index.php\/solidr-la-renovation-equitable-merci\/","og_site_name":"Solid-R","article_publisher":"https:\/\/www.facebook.com\/profile.php?id=61557164409549","og_image":[{"url":"https:\/\/solid-r.com\/wp-content\/uploads\/2024\/03\/roofer.gif","type":"","width":"","height":""}],"twitter_card":"summary_large_image","twitter_misc":{"Dur\u00e9e de lecture estim\u00e9e":"1 minute"},"schema":{"@context":"https:\/\/schema.org","@graph":[{"@type":"WebPage","@id":"https:\/\/solid-r.com\/index.php\/solidr-la-renovation-equitable-merci\/","url":"https:\/\/solid-r.com\/index.php\/solidr-la-renovation-equitable-merci\/","name":"Solid'R la r\u00e9novation \u00e9quitable - Merci","isPartOf":{"@id":"https:\/\/solid-r.com\/#website"},"primaryImageOfPage":{"@id":"https:\/\/solid-r.com\/index.php\/solidr-la-renovation-equitable-merci\/#primaryimage"},"image":{"@id":"https:\/\/solid-r.com\/index.php\/solidr-la-renovation-equitable-merci\/#primaryimage"},"thumbnailUrl":"https:\/\/solid-r.com\/wp-content\/uploads\/2024\/03\/roofer.gif","datePublished":"2024-03-26T14:29:26+00:00","breadcrumb":{"@id":"https:\/\/solid-r.com\/index.php\/solidr-la-renovation-equitable-merci\/#breadcrumb"},"inLanguage":"fr-FR","potentialAction":[{"@type":"ReadAction","target":["https:\/\/solid-r.com\/index.php\/solidr-la-renovation-equitable-merci\/"]}]},{"@type":"ImageObject","inLanguage":"fr-FR","@id":"https:\/\/solid-r.com\/index.php\/solidr-la-renovation-equitable-merci\/#primaryimage","url":"https:\/\/solid-r.com\/wp-content\/uploads\/2024\/03\/roofer.gif","contentUrl":"https:\/\/solid-r.com\/wp-content\/uploads\/2024\/03\/roofer.gif","width":800,"height":800},{"@type":"BreadcrumbList","@id":"https:\/\/solid-r.com\/index.php\/solidr-la-renovation-equitable-merci\/#breadcrumb","itemListElement":[{"@type":"ListItem","position":1,"name":"Accueil","item":"https:\/\/solid-r.com\/"},{"@type":"ListItem","position":2,"name":"Solid&rsquo;R la r\u00e9novation \u00e9quitable &#8211; Merci"}]},{"@type":"WebSite","@id":"https:\/\/solid-r.com\/#website","url":"https:\/\/solid-r.com\/","name":"Solid-R","description":"R\u00e9novation \u00e9nerg\u00e9tique \u00e9quitable","publisher":{"@id":"https:\/\/solid-r.com\/#organization"},"potentialAction":[{"@type":"SearchAction","target":{"@type":"EntryPoint","urlTemplate":"https:\/\/solid-r.com\/?s={search_term_string}"},"query-input":{"@type":"PropertyValueSpecification","valueRequired":true,"valueName":"search_term_string"}}],"inLanguage":"fr-FR"},{"@type":"Organization","@id":"https:\/\/solid-r.com\/#organization","name":"SOLID'R","alternateName":"SOLID R","url":"https:\/\/solid-r.com\/","logo":{"@type":"ImageObject","inLanguage":"fr-FR","@id":"https:\/\/solid-r.com\/#\/schema\/logo\/image\/","url":"https:\/\/solid-r.com\/wp-content\/uploads\/2023\/11\/cropped-logo_solidR-scaled-1.jpg","contentUrl":"https:\/\/solid-r.com\/wp-content\/uploads\/2023\/11\/cropped-logo_solidR-scaled-1.jpg","width":2560,"height":922,"caption":"SOLID'R"},"image":{"@id":"https:\/\/solid-r.com\/#\/schema\/logo\/image\/"},"sameAs":["https:\/\/www.facebook.com\/profile.php?id=61557164409549","https:\/\/www.instagram.com\/solidr54\/"]}]}},"_links":{"self":[{"href":"https:\/\/solid-r.com\/index.php\/wp-json\/wp\/v2\/pages\/1761","targetHints":{"allow":["GET"]}}],"collection":[{"href":"https:\/\/solid-r.com\/index.php\/wp-json\/wp\/v2\/pages"}],"about":[{"href":"https:\/\/solid-r.com\/index.php\/wp-json\/wp\/v2\/types\/page"}],"author":[{"embeddable":true,"href":"https:\/\/solid-r.com\/index.php\/wp-json\/wp\/v2\/users\/1"}],"replies":[{"embeddable":true,"href":"https:\/\/solid-r.com\/index.php\/wp-json\/wp\/v2\/comments?post=1761"}],"version-history":[{"count":1,"href":"https:\/\/solid-r.com\/index.php\/wp-json\/wp\/v2\/pages\/1761\/revisions"}],"predecessor-version":[{"id":1762,"href":"https:\/\/solid-r.com\/index.php\/wp-json\/wp\/v2\/pages\/1761\/revisions\/1762"}],"wp:attachment":[{"href":"https:\/\/solid-r.com\/index.php\/wp-json\/wp\/v2\/media?parent=1761"}],"curies":[{"name":"wp","href":"https:\/\/api.w.org\/{rel}","templated":true}]}}